{"id":184,"date":"2025-10-29T09:02:58","date_gmt":"2025-10-29T09:02:58","guid":{"rendered":"https:\/\/fvs.digitalsenda.com\/politica-de-privacidad\/"},"modified":"2025-10-30T16:41:19","modified_gmt":"2025-10-30T16:41:19","slug":"politica-de-privacitat","status":"publish","type":"page","link":"https:\/\/forovalenciasostenible.com\/va\/politica-de-privacitat\/","title":{"rendered":"Pol\u00edtica de privacitat"},"content":{"rendered":"\n<h2 class=\"wp-block-heading\">En la FUNDACI\u00d3 COMUNITAT VALENCIANA VAL\u00c8NCIA CLIMA I ENERGIA (en adelante, FUNDACI\u00d3 VAL\u00c8NCIA CLIMA I ENERGIA o Fundaci\u00f3) estamos comprometidos con la protecci\u00f3n de la privacidad y el uso correcto de los datos personales.<\/h2>\n\n<p>Es por esto que, la presente Pol\u00edtica de Privacidad tiene como objeto informar acerca del tratamiento de datos de car\u00e1cter personal que, la Fundaci\u00f3 Val\u00e8ncia Clima i Energia, efect\u00faa en este sitio web, sede electr\u00f3nica y en cualquiera de sus subdominios, microsites y\/o aplicaciones m\u00f3viles).<\/p>\n\n<h2 class=\"wp-block-heading\">\u00bfQui\u00e9n es el Responsable del tratamiento de sus datos personales?.<\/h2>\n\n<p>La Fundaci\u00f3 Val\u00e8ncia Clima i Energia es quien ostenta la condici\u00f3n de Responsable de Tratamiento, estando asesorado y supervisado para la adecuada protecci\u00f3n por nuestro Delegado de Delegado de Protecci\u00f3n de Datos\u00a0<a href=\"mailto:dpd@climaienegia.com\">dpd@climaienegia.com<\/a>.<\/p>\n\n<h2 class=\"wp-block-heading\">\u00bfPara qu\u00e9 tratamos tus datos personales de contacto?.<\/h2>\n\n<p>Los datos que se nos facilitan, as\u00ed como cualesquiera otros generados durante el desarrollo de la relaci\u00f3n con la persona ciudadana\/interesada, los podemos tratar para distintas finalidades en funci\u00f3n de los servicios municipales que sean objeto de prestaci\u00f3n y, en todo caso, para mantener el contacto y la comunicaci\u00f3n con \u00e9sta y gestionar la prestaci\u00f3n de los servicios demandados y\/o prestados por la Fundaci\u00f3.<\/p>\n\n<p>En su caso, finalidades m\u00e1s expl\u00edcitas y concretas pueden indicarse en las cl\u00e1usulas informativas incorporadas en cada una de las v\u00edas de toma de datos (formularios web, formularios en papel, locuciones o carteles y notas informativas) para supuestos concretos.<\/p>\n\n<h2 class=\"wp-block-heading\">Base jur\u00eddica que legitima el tratamiento de sus datos personales.<\/h2>\n\n<p>La base jur\u00eddica que nos legitima para el tratamiento de tus datos puede ser diversa: en unos casos puede ser el consentimiento de las personas interesadas, en otros el cumplimiento de una obligaci\u00f3n legal por nuestra parte, en otros el cumplimiento por la Fundaci\u00f3 de una misi\u00f3n realizada en inter\u00e9s p\u00fablico o en ejercicio de Poderes P\u00fablicos, en otros la protecci\u00f3n de intereses vitales y en otros la ejecuci\u00f3n de un contrato.<\/p>\n\n<p>La aportaci\u00f3n de los datos solicitados es obligatoria por ser imprescindibles para atender su petici\u00f3n y\/o prestar nuestros servicios; si no los facilita, no podremos llevarla a cabo o prestarlos.<\/p>\n\n<p>Cuando el tratamiento se base en su consentimiento, el mismo se entender\u00e1 otorgado de forma inequ\u00edvoca, consider\u00e1ndose dicha aportaci\u00f3n un acto afirmativo claro por su parte, que manifiesta dicho consentimiento.<\/p>\n\n<h2 class=\"wp-block-heading\">Tiempo conservamos sus datos personales.<\/h2>\n\n<p>En general, los datos personales que se nos facilitan los conservaremos para mantener un historial de atenci\u00f3n y gestionar nuestros servicios de forma eficiente, mientras se mantenga la condici\u00f3n de ciudadano\/a de Valencia y la persona interesada no solicite su supresi\u00f3n. Incluso solicitada la supresi\u00f3n, se mantendr\u00e1n bloqueados durante el tiempo necesario, y limitando su tratamiento, \u00fanicamente para alguno de estos supuestos: cumplir con las obligaciones legales\/contractuales de cualquier tipo a que estemos sometidos y\/o durante los plazos legales previstos para la prescripci\u00f3n de cualesquiera responsabilidades por nuestra parte y\/o el ejercicio o la defensa de reclamaciones derivadas de la relaci\u00f3n mantenida con la persona ciudadana\/interesada.<\/p>\n\n<h2 class=\"wp-block-heading\">Qui\u00e9nes pueden ser cesionarios o destinatarios de tus datos personales.<\/h2>\n\n<p>Los datos que nos proporciona podr\u00e1n ser comunicados a terceras entidades para el cumplimiento de fines directamente relacionados con funciones leg\u00edtimas de persona cedente y persona cesionaria, como a las entidades u organismos a los que exista obligaci\u00f3n legal de realizar comunicaciones de datos, entidades u organizaciones p\u00fablicas o privadas con las que lleguemos a acuerdos para desarrollar proyectos, sociales, culturales o deportivos o acuerdos de colaboraci\u00f3n, etc.<\/p>\n\n<h2 class=\"wp-block-heading\">Cu\u00e1les son sus derechos en protecci\u00f3n de datos y c\u00f3mo puede ejercerlos.<\/h2>\n\n<p>Para ejercitar los derechos de Acceso, Rectificaci\u00f3n, Supresi\u00f3n, Limitaci\u00f3n o, en su caso, Oposici\u00f3n, podr\u00e1 formular una solicitud presentando un escrito a:\u00a0<strong>C\/ Joan Verdeguer, 16, 46024, Val\u00e8ncia<\/strong>\u00a0o, en su caso, enviando su solicitud a nuestro Delegado de Protecci\u00f3n de Datos\u00a0<a href=\"mailto:dpd@climaienegia.com\">dpd@climaienegia.com<\/a>.<\/p>\n\n<p>En el escrito deber\u00e1 especificar cu\u00e1l de estos derechos solicita sea satisfecho y, a su vez, deber\u00e1 mostrar o, en caso de env\u00edo postal, acompa\u00f1ar la fotocopia del NIF o documento identificativo equivalente. En caso de que actuara mediante representante, legal o voluntario, deber\u00e1 aportar tambi\u00e9n documento que acredite la representaci\u00f3n y documento identificativo del mismo.<\/p>\n\n<p>En todo caso, podr\u00e1, igualmente, formular reclamaciones ante la\u00a0<a href=\"http:\/\/www.agpd.es\/portalwebAGPD\/CanalDelCiudadano\/index-ides-idphp.php\">Agencia Espa\u00f1ola de Protecci\u00f3n de datos<\/a>\u00a0(<a href=\"https:\/\/www.aepd.es\/\">https:\/\/www.aepd.es\/<\/a>).<\/p>\n","protected":false},"excerpt":{"rendered":"<p>En la FUNDACI\u00d3 COMUNITAT VALENCIANA VAL\u00c8NCIA CLIMA I ENERGIA (en adelante, FUNDACI\u00d3 VAL\u00c8NCIA CLIMA I ENERGIA o Fundaci\u00f3) estamos comprometidos con la protecci\u00f3n de la privacidad y el uso correcto de los datos personales. Es por esto que, la presente Pol\u00edtica de Privacidad tiene como objeto informar acerca del tratamiento de datos de car\u00e1cter personal [&hellip;]<\/p>\n","protected":false},"author":1,"featured_media":0,"parent":0,"menu_order":0,"comment_status":"closed","ping_status":"closed","template":"","meta":{"_acf_changed":false,"footnotes":""},"class_list":["post-184","page","type-page","status-publish","hentry"],"acf":[],"_links":{"self":[{"href":"https:\/\/forovalenciasostenible.com\/va\/wp-json\/wp\/v2\/pages\/184","targetHints":{"allow":["GET"]}}],"collection":[{"href":"https:\/\/forovalenciasostenible.com\/va\/wp-json\/wp\/v2\/pages"}],"about":[{"href":"https:\/\/forovalenciasostenible.com\/va\/wp-json\/wp\/v2\/types\/page"}],"author":[{"embeddable":true,"href":"https:\/\/forovalenciasostenible.com\/va\/wp-json\/wp\/v2\/users\/1"}],"replies":[{"embeddable":true,"href":"https:\/\/forovalenciasostenible.com\/va\/wp-json\/wp\/v2\/comments?post=184"}],"version-history":[{"count":3,"href":"https:\/\/forovalenciasostenible.com\/va\/wp-json\/wp\/v2\/pages\/184\/revisions"}],"predecessor-version":[{"id":200,"href":"https:\/\/forovalenciasostenible.com\/va\/wp-json\/wp\/v2\/pages\/184\/revisions\/200"}],"wp:attachment":[{"href":"https:\/\/forovalenciasostenible.com\/va\/wp-json\/wp\/v2\/media?parent=184"}],"curies":[{"name":"wp","href":"https:\/\/api.w.org\/{rel}","templated":true}]}}