{"id":183,"date":"2025-10-29T08:56:59","date_gmt":"2025-10-29T08:56:59","guid":{"rendered":"https:\/\/fvs.digitalsenda.com\/aviso-legal\/"},"modified":"2025-10-31T09:27:12","modified_gmt":"2025-10-31T09:27:12","slug":"avis-legal","status":"publish","type":"page","link":"https:\/\/forovalenciasostenible.com\/va\/avis-legal\/","title":{"rendered":"Av\u00eds legal"},"content":{"rendered":"\n<h2 class=\"wp-block-heading\"><strong>Dades identificatives del titular del portal web<\/strong><\/h2>\n\n\n\n<p>De conformitat amb l\u2019article 10 de la <strong>Llei 34\/2002<\/strong>, de Serveis de la Societat de la Informaci\u00f3 i de Comer\u00e7 Electr\u00f2nic, es posa en coneixement que el titular del lloc web \u00e9s:<\/p>\n\n\n\n<p><strong>FUNDACI\u00d3 COMUNITAT VALENCIANA VAL\u00c8NCIA CLIMA I ENERGIA<\/strong> (d\u2019ara endavant, <strong>FUNDACI\u00d3 VAL\u00c8NCIA CLIMA I ENERGIA<\/strong> o <strong>la Fundaci\u00f3<\/strong>).<\/p>\n\n\n\n<p><strong>Domicili social:<\/strong> C\/ Joan Verdeguer, 16, 46024, Val\u00e8ncia, Espanya.<br><strong>CIF:<\/strong> G-98220833<br><strong>Tel.:<\/strong> 961 061 588 \u2014 <strong>Correu electr\u00f2nic:<\/strong> <a>climaienergia@climaienergia.com<\/a><\/p>\n\n\n\n<hr class=\"wp-block-separator has-alpha-channel-opacity\"\/>\n\n\n\n<h2 class=\"wp-block-heading\"><strong>Introducci\u00f3<\/strong><\/h2>\n\n\n\n<p>Mitjan\u00e7ant el present document, la Fundaci\u00f3 informa de les <strong>Condicions i Termes Generals<\/strong> que regulen l\u2019acc\u00e9s, la navegaci\u00f3 i l\u2019\u00fas del <strong>Portal d\u2019Internet<\/strong> de la Fundaci\u00f3 Val\u00e8ncia Clima i Energia. En particular, informa i regula l\u2019acc\u00e9s i l\u2019\u00fas dels seg\u00fcents llocs web:<\/p>\n\n\n\n<h3 class=\"wp-block-heading\"><strong>Portal d\u2019Internet<\/strong><\/h3>\n\n\n\n<p>D\u2019acord amb l\u2019article 39 de la <strong>Llei 40\/2015<\/strong>, d\u20191 d\u2019octubre, de R\u00e8gim Jur\u00eddic del Sector P\u00fablic, s\u2019ent\u00e9n per portal d\u2019internet el punt d\u2019acc\u00e9s electr\u00f2nic \u2014en aquest cas, <strong><a href=\"https:\/\/climaienergia.com\/\">https:\/\/climaienergia.com\/<\/a><\/strong> (aix\u00ed com qualsevol dels seus subdominis, microsites i\/o aplicacions m\u00f2bils)\u2014 la titularitat del qual correspon a la Fundaci\u00f3 Val\u00e8ncia Clima i Energia i que permet l\u2019acc\u00e9s, a trav\u00e9s d\u2019internet, a la informaci\u00f3 publicada.<\/p>\n\n\n\n<hr class=\"wp-block-separator has-alpha-channel-opacity\"\/>\n\n\n\n<h2 class=\"wp-block-heading\"><strong>Car\u00e0cter de la informaci\u00f3 publicada al Portal<\/strong><\/h2>\n\n\n\n<p>Les informacions oferides per aquest mitj\u00e0 tenen <strong>car\u00e0cter merament il\u00b7lustratiu<\/strong>; no originen drets ni expectatives de dret. La Fundaci\u00f3 no \u00e9s responsable dels continguts accessibles mitjan\u00e7ant enlla\u00e7os o documents existents en altres dominis.<\/p>\n\n\n\n<p>La Fundaci\u00f3 Val\u00e8ncia Clima i Energia procura que aquesta informaci\u00f3 siga <strong>exacta i precisa<\/strong>, i en procedeix a l\u2019<strong>actualitzaci\u00f3<\/strong> amb la m\u00e0xima celeritat possible, tractant d\u2019evitar errors i corregint-los tan prompte com els detecta. Tanmateix, la Fundaci\u00f3 <strong>no pot garantir<\/strong> la inexist\u00e8ncia d\u2019errors ni que el contingut de la informaci\u00f3 es trobe permanentment actualitzat.<\/p>\n\n\n\n<p>La informaci\u00f3 continguda al Portal <strong>pot ser modificada i actualitzada<\/strong> per la Fundaci\u00f3, sense av\u00eds previ, tant pel que fa al contingut com al disseny i presentaci\u00f3.<\/p>\n\n\n\n<p>La informaci\u00f3 facilitada en resposta a qualsevol <strong>consulta o petici\u00f3<\/strong> t\u00e9 <strong>car\u00e0cter orientatiu<\/strong> i, en cap cas, ser\u00e0 <strong>vinculant<\/strong> per a la resoluci\u00f3 dels procediments administratius, que estan estrictament subjectes a les normes legals o reglament\u00e0ries que els siguen aplicables.<\/p>\n\n\n\n<p>A tots els efectes, la informaci\u00f3 disponible en aquest Portal s\u2019ha d\u2019entendre com una <strong>guia sense validesa legal<\/strong>. La informaci\u00f3 administrativa facilitada no substitueix la publicitat legal de les lleis, disposicions generals i actes que hagen de ser publicats formalment als diaris o butlletins oficials de les administracions p\u00fabliques. En cas de discrep\u00e0ncia entre la versi\u00f3 de documents i informaci\u00f3 obtinguda en aquest lloc web i la versi\u00f3 considerada oficial, <strong>l\u2019\u00fanica legalment v\u00e0lida \u00e9s l\u2019oficial<\/strong> de les administracions.<\/p>\n\n\n\n<hr class=\"wp-block-separator has-alpha-channel-opacity\"\/>\n\n\n\n<h2 class=\"wp-block-heading\"><strong>Condicions i termes generals d\u2019\u00fas del Portal<\/strong><\/h2>\n\n\n\n<p>Per l\u2019acc\u00e9s i la navegaci\u00f3 pel Portal d\u2019Internet de la Fundaci\u00f3 Val\u00e8ncia Clima i Energia i\/o per la utilitzaci\u00f3 dels serveis que hi estan inclosos, vost\u00e9 adquireix la <strong>condici\u00f3 d\u2019Usuari<\/strong>, sense reserves de cap classe, de totes i cadascuna d\u2019aquestes <strong>Condicions i Termes Generals d\u2019\u00das<\/strong> i, si escau, de les <strong>Condicions Particulars<\/strong> que regisquen la prestaci\u00f3 dels serveis disposats al lloc web, sense perjudici de l\u2019atenci\u00f3 i compliment, per part de l\u2019Usuari, de les condicions fixades pels llocs web <strong>hipervinculats<\/strong> des de <a href=\"https:\/\/climaienergia.com\/\">https:\/\/climaienergia.com\/<\/a>, dels quals la Fundaci\u00f3 no respon.<\/p>\n\n\n\n<p>La Fundaci\u00f3 podr\u00e0, en qualsevol moment i sense av\u00eds previ, <strong>modificar<\/strong> les Condicions i Termes Generals d\u2019\u00das, aix\u00ed com les Condicions Particulars que s\u2019establisquen.<\/p>\n\n\n\n<p>En tot cas, l\u2019Usuari es compromet a <strong>fer un \u00fas adequat<\/strong> dels continguts i serveis que la Fundaci\u00f3 ofereix a trav\u00e9s del Portal i, amb car\u00e0cter enunciatiu per\u00f2 no limitatiu:<\/p>\n\n\n\n<p>(i) No inc\u00f3rrer en activitats il\u00b7l\u00edcites, il\u00b7legals o contr\u00e0ries a la bona fe i a l\u2019ordre p\u00fablic.<br>(ii) No introduir, emmagatzemar o difondre en o des del Portal informaci\u00f3 o material que, expl\u00edcita o impl\u00edcitament, siga difamatori, injuri\u00f3s, obsc\u00e9, amena\u00e7ador, xen\u00f2fob, d\u2019apologia del terrorisme, pornogr\u00e0fic o que incite a la viol\u00e8ncia o a la discriminaci\u00f3 per ra\u00f3 de ra\u00e7a, sexe, ideologia o religi\u00f3, o que d\u2019alguna manera atempte contra la moral, l\u2019ordre p\u00fablic, els drets fonamentals, les llibertats p\u00fabliques \u2014especialment l\u2019honor, la intimitat o la imatge de tercers\u2014 i, en general, contra els drets humans.<br>(iii) No utilitzar identitats falses ni suplantar la identitat d\u2019altres en la utilitzaci\u00f3 del Portal o de qualsevol dels seus serveis, incloent-hi, si escau, l\u2019\u00fas de <strong>contrasenyes o claus d\u2019acc\u00e9s<\/strong> de tercers. En conseq\u00fc\u00e8ncia, l\u2019Usuari no podr\u00e0 intentar accedir ni, si escau, utilitzar les claus d\u2019altres usuaris ni modificar o manipular els seus missatges.<br>(iv) No introduir, emmagatzemar o difondre mitjan\u00e7ant el Portal cap programa inform\u00e0tic, dades, <strong>virus<\/strong>, codi, equip de maquinari o de telecomunicacions o qualsevol altre instrument o dispositiu \u2014electr\u00f2nic o f\u00edsic\u2014 susceptible de causar danys en el Portal, en qualsevol dels serveis o en els equips, sistemes o xarxes de la Fundaci\u00f3 o, en general, de qualsevol tercer, o que puga causar qualsevol alteraci\u00f3 o impedir-ne el funcionament normal.<br>(v) No destruir, alterar, utilitzar per al seu \u00fas, inutilitzar o danyar les dades, informacions, programes o documents electr\u00f2nics de la Fundaci\u00f3 o de tercers.<br>(vi) No introduir, emmagatzemar o difondre mitjan\u00e7ant el Portal qualsevol contingut que infringa drets de <strong>propietat intel\u00b7lectual o industrial<\/strong> o secrets empresarials de tercers, ni cap altre contingut del qual no tinga, conforme a la llei, el dret de posar-lo a disposici\u00f3 de tercers.<br>(vii) No utilitzar els serveis oferits al Portal amb l\u2019objectiu de promocionar empreses i serveis externs, altres p\u00e0gines web o fer campanyes publicit\u00e0ries o comercials, ni per a actuar en benefici de persones jur\u00eddiques.<\/p>\n\n\n\n<p>En cas de contravenir les condicions anteriors, la Fundaci\u00f3 es reserva la facultat de <strong>bloquejar, suspendre o cancel\u00b7lar<\/strong> de manera <strong>immediata i sense av\u00eds previ<\/strong> l\u2019acc\u00e9s i l\u2019\u00fas del Portal i, si escau, de retirar els continguts presumptament o declaradament il\u00b7legals, ja siga a criteri propi, a petici\u00f3 del tercer afectat o d\u2019autoritat competent.<\/p>\n\n\n\n<hr class=\"wp-block-separator has-alpha-channel-opacity\"\/>\n\n\n\n<h2 class=\"wp-block-heading\"><strong>Responsabilitat<\/strong><\/h2>\n\n\n\n<p>La Fundaci\u00f3 Val\u00e8ncia Clima i Energia no es fa responsable dels danys i perjudicis que puguen derivar-se, amb car\u00e0cter merament enunciatiu i no limitatiu, de:<\/p>\n\n\n\n<p>(i) Interfer\u00e8ncies, omissions, interrupcions, <strong>virus inform\u00e0tics<\/strong>, avaries i\/o desconnexions en el funcionament operatiu d\u2019aquest sistema electr\u00f2nic o en els aparells i equips inform\u00e0tics dels Usuaris, motivats per causes alienes a la Fundaci\u00f3, que impedisquen o retarden la prestaci\u00f3 dels serveis o la navegaci\u00f3 pel sistema.<br>(ii) Retards o bloquejos en l\u2019\u00fas causats per defici\u00e8ncies o <strong>sobrec\u00e0rregues d\u2019internet<\/strong> o d\u2019altres sistemes electr\u00f2nics.<br>(iii) Intromissions il\u00b7leg\u00edtimes de terceres persones fora del control de la Fundaci\u00f3 i no imputables a aquesta.<br>(iv) La impossibilitat de prestar el servei o permetre l\u2019acc\u00e9s per causes no imputables a la Fundaci\u00f3, degudes a l\u2019Usuari, a tercers o a sup\u00f2sits de <strong>for\u00e7a major<\/strong>.<br>(v) El Portal pot contindre <strong>enlla\u00e7os<\/strong> a seus electr\u00f2niques d\u2019altres administracions p\u00fabliques o a p\u00e0gines d\u2019altres \u00f2rgans, empreses o institucions, amb l\u2019objectiu de facilitar als ciutadans la cerca d\u2019informaci\u00f3 i recursos. No obstant aix\u00f2, aquestes p\u00e0gines no s\u00f3n de la seua titularitat i, per tant, la Fundaci\u00f3 no \u00e9s responsable dels seus continguts, funcionament o de les possibles conseq\u00fc\u00e8ncies derivades del seu acc\u00e9s o \u00fas. Es podr\u00e0 indicar, mitjan\u00e7ant missatges sobre els enlla\u00e7os, si en accedir-hi s\u2019abandona o no el Portal de la Fundaci\u00f3.<\/p>\n\n\n\n<hr class=\"wp-block-separator has-alpha-channel-opacity\"\/>\n\n\n\n<h2 class=\"wp-block-heading\"><strong>Propietat intel\u00b7lectual i industrial<\/strong><\/h2>\n\n\n\n<p>El <strong>codi font<\/strong>, els <strong>dissenys gr\u00e0fics<\/strong>, les <strong>imatges<\/strong>, les <strong>fotografies<\/strong>, els <strong>sons<\/strong>, les <strong>animacions<\/strong>, el <strong>programari<\/strong>, els <strong>textos<\/strong>, els <strong>noms de domini<\/strong>, les <strong>marques<\/strong>, aix\u00ed com la informaci\u00f3 i els continguts recollits al llarg de tot el Portal estan protegits per la <strong>legislaci\u00f3 espanyola<\/strong> a favor de la Fundaci\u00f3 Val\u00e8ncia Clima i Energia.<\/p>\n\n\n\n<p>El seu <strong>\u00fas, reproducci\u00f3, distribuci\u00f3, comunicaci\u00f3 p\u00fablica, transformaci\u00f3<\/strong> o qualsevol altra activitat similar o an\u00e0loga queda <strong>totalment prohibida<\/strong> llevat d\u2019<strong>autoritzaci\u00f3 expressa<\/strong> de la Fundaci\u00f3.<\/p>\n\n\n\n<p>La llic\u00e8ncia d\u2019\u00fas de qualsevol contingut d\u2019aquesta seu, atorgada a l\u2019Usuari, es limita a la <strong>desc\u00e0rrega<\/strong> d\u2019aquest contingut i al <strong>seu \u00fas privat<\/strong>. D\u2019acord amb l\u2019article 8 de la <strong>Llei 37\/2007<\/strong>, de 16 de novembre, sobre <strong>reutilitzaci\u00f3 de la informaci\u00f3 del sector p\u00fablic<\/strong>, la reutilitzaci\u00f3 de la informaci\u00f3 de les administracions i dels organismes del sector p\u00fablic estar\u00e0 sotmesa, entre altres, a les condicions generals seg\u00fcents:<br>(a) Que <strong>no s\u2019altere<\/strong> el contingut de la informaci\u00f3.<br>(b) Que <strong>no es desnaturalitze<\/strong> el sentit de la informaci\u00f3.<br>(c) Que <strong>se\u2019n cite la font<\/strong>.<br>(d) Que <strong>s\u2019esmente la data<\/strong> de l\u2019\u00faltima actualitzaci\u00f3.<\/p>\n\n\n\n<hr class=\"wp-block-separator has-alpha-channel-opacity\"\/>\n\n\n\n<h2 class=\"wp-block-heading\"><strong>Comunicacions<\/strong><\/h2>\n\n\n\n<p>Per a qualsevol comunicaci\u00f3 que calga efectuar, s\u2019ha d\u2019enviar un correu electr\u00f2nic a <strong><a>climaienergia@climaienergia.com<\/a><\/strong> o b\u00e9 una comunicaci\u00f3 escrita a <strong>FUNDACI\u00d3 VAL\u00c8NCIA CLIMA I ENERGIA, C\/ Joan Verdeguer, 16, 46024, Val\u00e8ncia<\/strong>.<\/p>\n\n\n\n<p>L\u2019Usuari <strong>accepta expressament<\/strong> el correu electr\u00f2nic com a <strong>procediment v\u00e0lid<\/strong> per a l\u2019enviament de comunicacions.<\/p>\n\n\n\n<hr class=\"wp-block-separator has-alpha-channel-opacity\"\/>\n\n\n\n<p><\/p>\n\n\n\n<p><\/p>\n","protected":false},"excerpt":{"rendered":"<p>Dades identificatives del titular del portal web De conformitat amb l\u2019article 10 de la Llei 34\/2002, de Serveis de la Societat de la Informaci\u00f3 i de Comer\u00e7 Electr\u00f2nic, es posa en coneixement que el titular del lloc web \u00e9s: FUNDACI\u00d3 COMUNITAT VALENCIANA VAL\u00c8NCIA CLIMA I ENERGIA (d\u2019ara endavant, FUNDACI\u00d3 VAL\u00c8NCIA CLIMA I ENERGIA o la [&hellip;]<\/p>\n","protected":false},"author":1,"featured_media":0,"parent":0,"menu_order":0,"comment_status":"closed","ping_status":"closed","template":"","meta":{"_acf_changed":false,"footnotes":""},"class_list":["post-183","page","type-page","status-publish","hentry"],"acf":[],"_links":{"self":[{"href":"https:\/\/forovalenciasostenible.com\/va\/wp-json\/wp\/v2\/pages\/183","targetHints":{"allow":["GET"]}}],"collection":[{"href":"https:\/\/forovalenciasostenible.com\/va\/wp-json\/wp\/v2\/pages"}],"about":[{"href":"https:\/\/forovalenciasostenible.com\/va\/wp-json\/wp\/v2\/types\/page"}],"author":[{"embeddable":true,"href":"https:\/\/forovalenciasostenible.com\/va\/wp-json\/wp\/v2\/users\/1"}],"replies":[{"embeddable":true,"href":"https:\/\/forovalenciasostenible.com\/va\/wp-json\/wp\/v2\/comments?post=183"}],"version-history":[{"count":1,"href":"https:\/\/forovalenciasostenible.com\/va\/wp-json\/wp\/v2\/pages\/183\/revisions"}],"predecessor-version":[{"id":198,"href":"https:\/\/forovalenciasostenible.com\/va\/wp-json\/wp\/v2\/pages\/183\/revisions\/198"}],"wp:attachment":[{"href":"https:\/\/forovalenciasostenible.com\/va\/wp-json\/wp\/v2\/media?parent=183"}],"curies":[{"name":"wp","href":"https:\/\/api.w.org\/{rel}","templated":true}]}}